{"id":2635,"date":"2024-07-26T13:26:59","date_gmt":"2024-07-26T11:26:59","guid":{"rendered":"https:\/\/test.milepro.explotacionweb.es\/governing-bodies\/"},"modified":"2024-11-26T11:29:56","modified_gmt":"2024-11-26T10:29:56","slug":"governing-bodies","status":"publish","type":"page","link":"https:\/\/milepro.es\/en\/governing-bodies\/","title":{"rendered":"Governing Bodies"},"content":{"rendered":"\t\t<div data-elementor-type=\"wp-page\" data-elementor-id=\"2635\" class=\"elementor elementor-2635 elementor-1206\">\n\t\t\t\t<div class=\"elementor-element elementor-element-9607741 padding-section e-flex e-con-boxed e-con e-parent\" data-id=\"9607741\" data-element_type=\"container\">\r\n\t\t\t\t\t<div class=\"e-con-inner\">\r\n\t\t\t\t<div class=\"elementor-element elementor-element-4ca70ef elementor-widget elementor-widget-porto_posts_grid\" data-id=\"4ca70ef\" data-element_type=\"widget\" data-settings=\"{&quot;spacing&quot;:{&quot;unit&quot;:&quot;px&quot;,&quot;size&quot;:20,&quot;sizes&quot;:[]}}\" data-widget_type=\"porto_posts_grid.default\">\n\t\t\t\t<div class=\"elementor-widget-container\">\n\t\t\t<div id=\"porto-posts-grid-0iyo\" class=\"porto-posts-grid listado-member porto-ajax-load load-infinite porto-membersexin\" data-post_type=\"member\" data-ajax_load_options=\"{&quot;shortcode&quot;:&quot;porto_posts_grid&quot;,&quot;post_type&quot;:&quot;member&quot;,&quot;post_tax&quot;:&quot;member_cat&quot;,&quot;post_terms&quot;:[&quot;19&quot;],&quot;count&quot;:24,&quot;orderby&quot;:&quot;id&quot;,&quot;order&quot;:&quot;ASC&quot;,&quot;spacing&quot;:{&quot;unit&quot;:&quot;px&quot;,&quot;size&quot;:20,&quot;sizes&quot;:[]},&quot;columns&quot;:&quot;4&quot;,&quot;columns_tablet&quot;:&quot;4&quot;,&quot;columns_mobile&quot;:&quot;1&quot;,&quot;pagination_style&quot;:&quot;infinite&quot;,&quot;image_size&quot;:&quot;full&quot;,&quot;el_class&quot;:&quot;listado-member&quot;}\"><style scope=\"scope\"><\/style><div class=\"posts-wrap members-container has-ccols ccols-sm-4 ccols-1 has-ccols-spacing\" data-cur_page=\"1\" data-max_page=\"1\">\r\n\t<article class=\"member porto-tb-item governing-bodies post-2715 type-member status-publish has-post-thumbnail hentry member_cat-governing-bodies\">\r\n\t\t<h3 class=\"entry-title\" style=\"display: none;\">Luis Ceniga<\/h3><span class=\"vcard\" style=\"display: none;\"><span class=\"fn\"><a href=\"https:\/\/milepro.es\/en\/author\/milepro_admin\/\" title=\"Posts by milepro_admin\" rel=\"author\">milepro_admin<\/a><\/span><\/span><span class=\"updated\" style=\"display:none\">2024-07-26T12:29:04+02:00<\/span>\t\t<div class=\"member-item \">\r\n\t\t\t<div class=\"thumb-info thumb-info-hide-wrapper-bg\">\r\n\r\n\t\t\t\t<div class=\"thumb-info-wrapper \">\r\n\t\t\t\t\t\t\t\t\t\t<div class=\"thumb-member-container \">\r\n\t\t\t\t\t\t<a class=\"text-decoration-none member-image\" href=\"https:\/\/milepro.es\/en\/member\/luis-ceniga\/\">\r\n\t\t\t\t\t\t<img fetchpriority=\"high\" decoding=\"async\" class=\"img-responsive\" width=\"367\" height=\"367\" src=\"https:\/\/milepro.es\/wp-content\/uploads\/2024\/07\/Luis-Ceniga-milepro-2-367x367.webp\" alt=\"\" \/>\r\n\t\t\t\t\t\t<\/a>\r\n\r\n\t\t\t\t\t\t\t\t\t\t\t\t\t\t\t\t\t\t\t\t\t\t\t\t<\/div>\r\n\t\t\t\t\t<a class=\"text-decoration-none member-info-container\" href=\"https:\/\/milepro.es\/en\/member\/luis-ceniga\/\">\r\n\t\t\t\t\t\t\t\t\t\t\t\t<span class=\"thumb-info-title\">\r\n\t\t\t\t\t\t\t<span class=\"thumb-info-inner\">Luis Ceniga<\/span>\r\n\t\t\t\t\t\t\t\t\t\t\t\t\t\t\t<span class=\"thumb-info-type\">Member of the Council - Chairman<\/span>\r\n\t\t\t\t\t\t\t\t\t\t\t\t\t<\/span>\r\n\t\t\t\t\t\t\t\t\t\t\t\t\t\t\t\t\t<\/a>\r\n\t\t\t\t<\/div>\r\n\t\t\t\t<!--Thumb info wrapper end-->\r\n\t\t\t\t<!--Thumb info container -->\r\n\t\t\t\t<div class=\"thumb-info-container\"> \r\n\t\t\t\t\t<a class=\"text-decoration-none member-info-container\" href=\"https:\/\/milepro.es\/en\/member\/luis-ceniga\/\">\r\n\t\t\t\t\t\t\t\t\t\t\t\t\t\t\t<\/a>\r\n\r\n\t\t\t\t\t\t\t\t\t\t<div class=\"thumb-info-caption\">\r\n\t\t\t\t\t\t\t\t\t\t\t\t\t<div class=\"thumb-info-caption-text\">\r\n\t\t\t\t\t\t\t\t<p>Luis Ceniga has dedicated most of his professional career at Accenture, where he was Partner and Senior Managing Director. He worked for 34 years in different industries and responsibilities. Among them, global head of the construction sector, head of consulting in Spain, Portugal, Africa, head of Industry, and the last 4 years as head of consulting at Accenture Greater China. He is currently a director and advisor to Deppon Logistics, a leading company in the transport sector with more than 150,000 employees, based in Shanghai, China. Additionally, it supports different companies in business development projects. He is an Industrial Engineer from the Higher School of Industrial Engineers of Bilbao.  <\/p>\n\t\t\t\t\t\t\t<\/div>\r\n\t\t\t\t\t\t\t\t\t\t\t\t\t\t\t\t\t<\/div>\r\n\t\t\t\t\t\t\t\t\t\t\t\t\t\t<\/div>\r\n\t\t\t<\/div>\r\n\t\t<\/div>\r\n\t<\/article>\r\n\t\r\n\t<article class=\"member porto-tb-item governing-bodies post-2716 type-member status-publish has-post-thumbnail hentry member_cat-governing-bodies\">\r\n\t\t<h3 class=\"entry-title\" style=\"display: none;\">Carlos L\u00f3pez Jall<\/h3><span class=\"vcard\" style=\"display: none;\"><span class=\"fn\"><a href=\"https:\/\/milepro.es\/en\/author\/milepro_admin\/\" title=\"Posts by milepro_admin\" rel=\"author\">milepro_admin<\/a><\/span><\/span><span class=\"updated\" style=\"display:none\">2024-07-26T13:00:10+02:00<\/span>\t\t<div class=\"member-item \">\r\n\t\t\t<div class=\"thumb-info thumb-info-hide-wrapper-bg\">\r\n\r\n\t\t\t\t<div class=\"thumb-info-wrapper \">\r\n\t\t\t\t\t\t\t\t\t\t<div class=\"thumb-member-container \">\r\n\t\t\t\t\t\t<a class=\"text-decoration-none member-image\" href=\"https:\/\/milepro.es\/en\/member\/carlos-lopez-jall\/\">\r\n\t\t\t\t\t\t<img decoding=\"async\" class=\"img-responsive\" width=\"367\" height=\"367\" src=\"https:\/\/milepro.es\/wp-content\/uploads\/2024\/07\/Carlos-Lopez-milepro-367x367.webp\" alt=\"Carlos L\u00f3pez Jall\" \/>\r\n\t\t\t\t\t\t<\/a>\r\n\r\n\t\t\t\t\t\t\t\t\t\t\t\t\t\t\t\t\t\t\t\t\t\t\t\t<\/div>\r\n\t\t\t\t\t<a class=\"text-decoration-none member-info-container\" href=\"https:\/\/milepro.es\/en\/member\/carlos-lopez-jall\/\">\r\n\t\t\t\t\t\t\t\t\t\t\t\t<span class=\"thumb-info-title\">\r\n\t\t\t\t\t\t\t<span class=\"thumb-info-inner\">Carlos L\u00f3pez Jall<\/span>\r\n\t\t\t\t\t\t\t\t\t\t\t\t\t\t\t<span class=\"thumb-info-type\">Board Member - Vice Chair<\/span>\r\n\t\t\t\t\t\t\t\t\t\t\t\t\t<\/span>\r\n\t\t\t\t\t\t\t\t\t\t\t\t\t\t\t\t\t<\/a>\r\n\t\t\t\t<\/div>\r\n\t\t\t\t<!--Thumb info wrapper end-->\r\n\t\t\t\t<!--Thumb info container -->\r\n\t\t\t\t<div class=\"thumb-info-container\"> \r\n\t\t\t\t\t<a class=\"text-decoration-none member-info-container\" href=\"https:\/\/milepro.es\/en\/member\/carlos-lopez-jall\/\">\r\n\t\t\t\t\t\t\t\t\t\t\t\t\t\t\t<\/a>\r\n\r\n\t\t\t\t\t\t\t\t\t\t<div class=\"thumb-info-caption\">\r\n\t\t\t\t\t\t\t\t\t\t\t\t\t<div class=\"thumb-info-caption-text\">\r\n\t\t\t\t\t\t\t\t<p>Carlos spent more than 17 years in London, dedicated to investment banking at Nikko Securities, Barclays Capital and Citigroup, as director of capital markets. Upon his return to Spain in 2010, he was director of financing at Repsol S.A. for 4 years. In 2014 he was a founding partner of the securities company Bekafinance and was responsible for Corporate finance and M&amp;A. He is currently the general director of finance and administration (CFO) of the Nueva Pescanova group. In addition to Milepro, he is a member of the advisory board of the Swedish communication consulting company KREAB. He has a degree in Economics and Business Administration from CUNEF at the Complutense University of Madrid.   <\/p>\n\t\t\t\t\t\t\t<\/div>\r\n\t\t\t\t\t\t\t\t\t\t\t\t\t\t\t\t\t<\/div>\r\n\t\t\t\t\t\t\t\t\t\t\t\t\t\t<\/div>\r\n\t\t\t<\/div>\r\n\t\t<\/div>\r\n\t<\/article>\r\n\t\r\n\t<article class=\"member porto-tb-item governing-bodies post-2676 type-member status-publish has-post-thumbnail hentry member_cat-governing-bodies\">\r\n\t\t<h3 class=\"entry-title\" style=\"display: none;\">Guillermo Bergareche<\/h3><span class=\"vcard\" style=\"display: none;\"><span class=\"fn\"><a href=\"https:\/\/milepro.es\/en\/author\/milepro_admin\/\" title=\"Posts by milepro_admin\" rel=\"author\">milepro_admin<\/a><\/span><\/span><span class=\"updated\" style=\"display:none\">2024-07-26T13:05:23+02:00<\/span>\t\t<div class=\"member-item \">\r\n\t\t\t<div class=\"thumb-info thumb-info-hide-wrapper-bg\">\r\n\r\n\t\t\t\t<div class=\"thumb-info-wrapper \">\r\n\t\t\t\t\t\t\t\t\t\t<div class=\"thumb-member-container \">\r\n\t\t\t\t\t\t<a class=\"text-decoration-none member-image\" href=\"https:\/\/milepro.es\/en\/member\/guillermo-bergareche\/\">\r\n\t\t\t\t\t\t<img decoding=\"async\" class=\"img-responsive\" width=\"367\" height=\"367\" src=\"https:\/\/milepro.es\/wp-content\/uploads\/2024\/07\/guillermo-bergareche-adr-2-367x367.webp\" alt=\"Guillermo Bergareche\n\" \/>\r\n\t\t\t\t\t\t<\/a>\r\n\r\n\t\t\t\t\t\t\t\t\t\t\t\t\t\t\t\t\t\t\t\t\t\t\t\t<\/div>\r\n\t\t\t\t\t<a class=\"text-decoration-none member-info-container\" href=\"https:\/\/milepro.es\/en\/member\/guillermo-bergareche\/\">\r\n\t\t\t\t\t\t\t\t\t\t\t\t<span class=\"thumb-info-title\">\r\n\t\t\t\t\t\t\t<span class=\"thumb-info-inner\">Guillermo Bergareche<\/span>\r\n\t\t\t\t\t\t\t\t\t\t\t\t\t\t\t<span class=\"thumb-info-type\">Board Member - Member<\/span>\r\n\t\t\t\t\t\t\t\t\t\t\t\t\t<\/span>\r\n\t\t\t\t\t\t\t\t\t\t\t\t\t\t\t\t\t<\/a>\r\n\t\t\t\t<\/div>\r\n\t\t\t\t<!--Thumb info wrapper end-->\r\n\t\t\t\t<!--Thumb info container -->\r\n\t\t\t\t<div class=\"thumb-info-container\"> \r\n\t\t\t\t\t<a class=\"text-decoration-none member-info-container\" href=\"https:\/\/milepro.es\/en\/member\/guillermo-bergareche\/\">\r\n\t\t\t\t\t\t\t\t\t\t\t\t\t\t\t<\/a>\r\n\r\n\t\t\t\t\t\t\t\t\t\t<div class=\"thumb-info-caption\">\r\n\t\t\t\t\t\t\t\t\t\t\t\t\t<div class=\"thumb-info-caption-text\">\r\n\t\t\t\t\t\t\t\t<p>Guillermo Bergareche has 19 years of experience in investment banking, of which 13 years dedicated to the real estate sector. In 2003 Guillermo started working at <em>Cr\u00e9dit Agricole Corporate and Investment Bank<\/em> in the Structured Finance department for Iberia, including real estate financing. In 2009 he took over the management of the real estate department for Iberia, where he is <em>Managing Director<\/em>. Prior to joining <em>Cr\u00e9dit Agricole Corporate and Investment Bank<\/em> , he worked at Lehman Brothers, Banco Santander and Banco de Espa\u00f1a. Guillermo Bergareche holds a degree in Business Administration and Management from the University College of Financial Studies (CUNEF) in Madrid.<\/p>\n\t\t\t\t\t\t\t<\/div>\r\n\t\t\t\t\t\t\t\t\t\t\t\t\t\t\t\t\t<\/div>\r\n\t\t\t\t\t\t\t\t\t\t\t\t\t\t<\/div>\r\n\t\t\t<\/div>\r\n\t\t<\/div>\r\n\t<\/article>\r\n\t\r\n\t<article class=\"member porto-tb-item governing-bodies management-team post-2669 type-member status-publish has-post-thumbnail hentry member_cat-governing-bodies member_cat-management-team\">\r\n\t\t<h3 class=\"entry-title\" style=\"display: none;\">Javier Pic\u00f3n<\/h3><span class=\"vcard\" style=\"display: none;\"><span class=\"fn\"><a href=\"https:\/\/milepro.es\/en\/author\/milepro_admin\/\" title=\"Posts by milepro_admin\" rel=\"author\">milepro_admin<\/a><\/span><\/span><span class=\"updated\" style=\"display:none\">2024-08-01T14:00:17+02:00<\/span>\t\t<div class=\"member-item \">\r\n\t\t\t<div class=\"thumb-info thumb-info-hide-wrapper-bg\">\r\n\r\n\t\t\t\t<div class=\"thumb-info-wrapper \">\r\n\t\t\t\t\t\t\t\t\t\t<div class=\"thumb-member-container \">\r\n\t\t\t\t\t\t<a class=\"text-decoration-none member-image\" href=\"https:\/\/milepro.es\/en\/member\/javier-picon\/\">\r\n\t\t\t\t\t\t<img loading=\"lazy\" decoding=\"async\" class=\"img-responsive\" width=\"367\" height=\"367\" src=\"https:\/\/milepro.es\/wp-content\/uploads\/2024\/08\/javier-picon-2659.png-7f8b0e90b27e6bbc01d13047c80f4327-1-367x367.webp\" alt=\"\" \/>\r\n\t\t\t\t\t\t<\/a>\r\n\r\n\t\t\t\t\t\t\t\t\t\t\t\t\t\t\t\t\t\t\t\t\t\t\t\t<\/div>\r\n\t\t\t\t\t<a class=\"text-decoration-none member-info-container\" href=\"https:\/\/milepro.es\/en\/member\/javier-picon\/\">\r\n\t\t\t\t\t\t\t\t\t\t\t\t<span class=\"thumb-info-title\">\r\n\t\t\t\t\t\t\t<span class=\"thumb-info-inner\">Javier Pic\u00f3n<\/span>\r\n\t\t\t\t\t\t\t\t\t\t\t\t\t\t\t<span class=\"thumb-info-type\">Managing Partner<\/span>\r\n\t\t\t\t\t\t\t\t\t\t\t\t\t<\/span>\r\n\t\t\t\t\t\t\t\t\t\t\t\t\t\t\t\t\t<\/a>\r\n\t\t\t\t<\/div>\r\n\t\t\t\t<!--Thumb info wrapper end-->\r\n\t\t\t\t<!--Thumb info container -->\r\n\t\t\t\t<div class=\"thumb-info-container\"> \r\n\t\t\t\t\t<a class=\"text-decoration-none member-info-container\" href=\"https:\/\/milepro.es\/en\/member\/javier-picon\/\">\r\n\t\t\t\t\t\t\t\t\t\t\t\t\t\t\t<\/a>\r\n\r\n\t\t\t\t\t\t\t\t\t\t<div class=\"thumb-info-caption\">\r\n\t\t\t\t\t\t\t\t\t\t\t\t\t<div class=\"thumb-info-caption-text\">\r\n\t\t\t\t\t\t\t\t<p class=\"p1\">Javier is a Partner at Azora, where he focuses on investments in the Senior Living and Logistics segments.<span class=\"Apple-converted-space\"> <\/span><\/p>\n<p class=\"p1\">He joined Azora in 2003 as the company&#8217;s first employee, contributing to the creation of the largest institutional portfolio of residential rental properties in Spain, with a total investment of more than \u20ac1.3 billion. He was also responsible for the group&#8217;s property management subsidiary. In 2011, he led the acquisition of Resa, the largest portfolio of student housing in Spain. Previously, he was a senior banker at Atlas Investment Bank and worked in the strategic consulting area of PricewaterhouseCoopers.   <span class=\"Apple-converted-space\"> <\/span><\/p>\n<p class=\"p1\">Javier holds a bachelor&#8217;s degree in industrial engineering from the Polytechnic University of Madrid and has attended the Stanford Executive Program (SEP) at the Stanford Graduate School of Business.<\/p>\n\t\t\t\t\t\t\t<\/div>\r\n\t\t\t\t\t\t\t\t\t\t\t\t\t\t\t\t\t<\/div>\r\n\t\t\t\t\t\t\t\t\t\t\t\t\t\t<\/div>\r\n\t\t\t<\/div>\r\n\t\t<\/div>\r\n\t<\/article>\r\n\t<\/div>\t\t<input type=\"hidden\" class=\"shortcode-id\" value=\"exin\"\/>\r\n\t\t<\/div>\t\t<\/div>\n\t\t\t\t<\/div>\n\t\t\t\t\t<\/div>\n\t\t\t\t<\/div>\n\t\t\t\t<\/div>\n\t\t","protected":false},"excerpt":{"rendered":"<p>Luis Ceniga milepro_admin2024-08-01T12:29:09+02:00 Luis Ceniga Miembro del Consejo &#8211; Presidente Luis Ceniga ha dedicado la mayor parte de su carrera profesional en Accenture, donde fue Socio y Senior Managing Director. Trabaj\u00f3 durante 34 a\u00f1os en diferentes industrias y responsabilidades. Entre ellas, responsable mundial del sector de construcci\u00f3n, responsable de consultor\u00eda en Espa\u00f1a, Portugal, Africa, responsable [&hellip;]<\/p>\n","protected":false},"author":1,"featured_media":2103,"parent":0,"menu_order":0,"comment_status":"closed","ping_status":"closed","template":"","meta":{"footnotes":""},"class_list":["post-2635","page","type-page","status-publish","has-post-thumbnail","hentry"],"_links":{"self":[{"href":"https:\/\/milepro.es\/en\/wp-json\/wp\/v2\/pages\/2635","targetHints":{"allow":["GET"]}}],"collection":[{"href":"https:\/\/milepro.es\/en\/wp-json\/wp\/v2\/pages"}],"about":[{"href":"https:\/\/milepro.es\/en\/wp-json\/wp\/v2\/types\/page"}],"author":[{"embeddable":true,"href":"https:\/\/milepro.es\/en\/wp-json\/wp\/v2\/users\/1"}],"replies":[{"embeddable":true,"href":"https:\/\/milepro.es\/en\/wp-json\/wp\/v2\/comments?post=2635"}],"version-history":[{"count":1,"href":"https:\/\/milepro.es\/en\/wp-json\/wp\/v2\/pages\/2635\/revisions"}],"predecessor-version":[{"id":2636,"href":"https:\/\/milepro.es\/en\/wp-json\/wp\/v2\/pages\/2635\/revisions\/2636"}],"wp:featuredmedia":[{"embeddable":true,"href":"https:\/\/milepro.es\/en\/wp-json\/wp\/v2\/media\/2103"}],"wp:attachment":[{"href":"https:\/\/milepro.es\/en\/wp-json\/wp\/v2\/media?parent=2635"}],"curies":[{"name":"wp","href":"https:\/\/api.w.org\/{rel}","templated":true}]}}